{"id":41501,"date":"2025-10-01T08:03:27","date_gmt":"2025-10-01T08:03:27","guid":{"rendered":"https:\/\/cficompany.com\/?page_id=41501"},"modified":"2026-04-28T11:47:44","modified_gmt":"2026-04-28T11:47:44","slug":"acceso","status":"publish","type":"page","link":"https:\/\/cficompany.com\/es\/login\/","title":{"rendered":"Acceso"},"content":{"rendered":"<div data-elementor-type=\"wp-page\" data-elementor-id=\"41501\" class=\"elementor elementor-41501\" data-elementor-post-type=\"page\">\n\t\t\t\t<div class=\"elementor-element elementor-element-d0e015c e-flex e-con-boxed e-con e-parent\" data-id=\"d0e015c\" data-element_type=\"container\" data-e-type=\"container\" data-settings=\"{&quot;background_background&quot;:&quot;classic&quot;,&quot;_ob_use_container_extras&quot;:&quot;no&quot;,&quot;_ob_glider_is_slider&quot;:&quot;no&quot;}\">\n\t\t\t\t\t<div class=\"e-con-inner\">\n\t\t<div class=\"elementor-element elementor-element-b28534c e-flex e-con-boxed e-con e-child\" data-id=\"b28534c\" data-element_type=\"container\" data-e-type=\"container\" data-settings=\"{&quot;_ob_use_container_extras&quot;:&quot;no&quot;,&quot;_ob_glider_is_slider&quot;:&quot;no&quot;}\">\n\t\t\t\t\t<div class=\"e-con-inner\">\n\t\t<div class=\"elementor-element elementor-element-bb131ef e-con-full e-flex e-con e-child\" data-id=\"bb131ef\" data-element_type=\"container\" data-e-type=\"container\" data-settings=\"{&quot;_ob_use_container_extras&quot;:&quot;no&quot;,&quot;_ob_glider_is_slider&quot;:&quot;no&quot;}\">\n\t\t\t\t<div class=\"elementor-element elementor-element-6f7becf elementor-widget elementor-widget-image\" data-id=\"6f7becf\" data-element_type=\"widget\" data-e-type=\"widget\" data-widget_type=\"image.default\">\n\t\t\t\t<div class=\"elementor-widget-container\">\n\t\t\t\t\t\t\t\t\t\t\t\t\t\t\t<img decoding=\"async\" width=\"203\" height=\"136\" src=\"https:\/\/cficompany.com\/wp-content\/uploads\/2026\/04\/INTRANET-CFI-Logo.png\" class=\"attachment-large size-large wp-image-41949\" alt=\"\" srcset=\"https:\/\/cficompany.com\/wp-content\/uploads\/2026\/04\/INTRANET-CFI-Logo.png 203w, https:\/\/cficompany.com\/wp-content\/uploads\/2026\/04\/INTRANET-CFI-Logo-18x12.png 18w\" sizes=\"(max-width: 203px) 100vw, 203px\" \/>\t\t\t\t\t\t\t\t\t\t\t\t\t\t\t<\/div>\n\t\t\t\t<\/div>\n\t\t\t\t<div class=\"elementor-element elementor-element-11a025a elementor-widget elementor-widget-image\" data-id=\"11a025a\" data-element_type=\"widget\" data-e-type=\"widget\" data-widget_type=\"image.default\">\n\t\t\t\t<div class=\"elementor-widget-container\">\n\t\t\t\t\t\t\t\t\t\t\t\t\t\t\t<img fetchpriority=\"high\" decoding=\"async\" width=\"800\" height=\"198\" src=\"https:\/\/cficompany.com\/wp-content\/uploads\/2026\/04\/INTRANET-Info-Pipeline-1-1024x253.png\" class=\"attachment-large size-large wp-image-41952\" alt=\"\" srcset=\"https:\/\/cficompany.com\/wp-content\/uploads\/2026\/04\/INTRANET-Info-Pipeline-1-1024x253.png 1024w, https:\/\/cficompany.com\/wp-content\/uploads\/2026\/04\/INTRANET-Info-Pipeline-1-300x74.png 300w, https:\/\/cficompany.com\/wp-content\/uploads\/2026\/04\/INTRANET-Info-Pipeline-1-768x190.png 768w, https:\/\/cficompany.com\/wp-content\/uploads\/2026\/04\/INTRANET-Info-Pipeline-1-18x4.png 18w, https:\/\/cficompany.com\/wp-content\/uploads\/2026\/04\/INTRANET-Info-Pipeline-1.png 1460w\" sizes=\"(max-width: 800px) 100vw, 800px\" \/>\t\t\t\t\t\t\t\t\t\t\t\t\t\t\t<\/div>\n\t\t\t\t<\/div>\n\t\t\t\t<div class=\"elementor-element elementor-element-90ff4e9 elementor-widget elementor-widget-heading\" data-id=\"90ff4e9\" data-element_type=\"widget\" data-e-type=\"widget\" data-widget_type=\"heading.default\">\n\t\t\t\t<div class=\"elementor-widget-container\">\n\t\t\t\t\t<h2 class=\"elementor-heading-title elementor-size-default\">INICIE SESI\u00d3N MEDIANTE SSO<\/h2>\t\t\t\t<\/div>\n\t\t\t\t<\/div>\n\t\t\t\t<div class=\"elementor-element elementor-element-460edcc elementor-align-center e-transform elementor-widget elementor-widget-button\" data-id=\"460edcc\" data-element_type=\"widget\" data-e-type=\"widget\" data-settings=\"{&quot;_transform_scale_effect_hover&quot;:{&quot;unit&quot;:&quot;px&quot;,&quot;size&quot;:1.05,&quot;sizes&quot;:[]},&quot;_transform_scale_effect_hover_tablet&quot;:{&quot;unit&quot;:&quot;px&quot;,&quot;size&quot;:&quot;&quot;,&quot;sizes&quot;:[]},&quot;_transform_scale_effect_hover_mobile&quot;:{&quot;unit&quot;:&quot;px&quot;,&quot;size&quot;:&quot;&quot;,&quot;sizes&quot;:[]}}\" data-widget_type=\"button.default\">\n\t\t\t\t<div class=\"elementor-widget-container\">\n\t\t\t\t\t\t\t\t\t<div class=\"elementor-button-wrapper\">\n\t\t\t\t\t<a class=\"elementor-button elementor-button-link elementor-size-sm\" href=\"https:\/\/cficompany.com\/es\/intranet\/\">\n\t\t\t\t\t\t<span class=\"elementor-button-content-wrapper\">\n\t\t\t\t\t\t\t\t\t<span class=\"elementor-button-text\">INICIO DE SESI\u00d3N SSO<\/span>\n\t\t\t\t\t<\/span>\n\t\t\t\t\t<\/a>\n\t\t\t\t<\/div>\n\t\t\t\t\t\t\t\t<\/div>\n\t\t\t\t<\/div>\n\t\t\t\t<div class=\"elementor-element elementor-element-c4f695c elementor-align-center elementor-widget elementor-widget-button\" data-id=\"c4f695c\" data-element_type=\"widget\" data-e-type=\"widget\" data-widget_type=\"button.default\">\n\t\t\t\t<div class=\"elementor-widget-container\">\n\t\t\t\t\t\t\t\t\t<div class=\"elementor-button-wrapper\">\n\t\t\t\t\t<a class=\"elementor-button elementor-button-link elementor-size-sm\" href=\"https:\/\/cficompany.com\/es\/contacto\/\">\n\t\t\t\t\t\t<span class=\"elementor-button-content-wrapper\">\n\t\t\t\t\t\t\t\t\t<span class=\"elementor-button-text\">No puedes iniciar sesi\u00f3n, contacta con el departamento de inform\u00e1tica.<\/span>\n\t\t\t\t\t<\/span>\n\t\t\t\t\t<\/a>\n\t\t\t\t<\/div>\n\t\t\t\t\t\t\t\t<\/div>\n\t\t\t\t<\/div>\n\t\t\t\t<\/div>\n\t\t\t\t\t<\/div>\n\t\t\t\t<\/div>\n\t\t\t\t\t<\/div>\n\t\t\t\t<\/div>\n\t\t\t\t<\/div>","protected":false},"excerpt":{"rendered":"<p>INICIAR SESI\u00d3N MEDIANTE SSO INICIO DE SESI\u00d3N SSO No puede iniciar sesi\u00f3n, contacte con el departamento de TI<\/p>","protected":false},"author":19,"featured_media":0,"parent":0,"menu_order":0,"comment_status":"closed","ping_status":"closed","template":"","meta":{"footnotes":""},"class_list":["post-41501","page","type-page","status-publish","hentry"],"yoast_head":"<!-- This site is optimized with the Yoast SEO Premium plugin v27.4 (Yoast SEO v27.4) - https:\/\/yoast.com\/product\/yoast-seo-premium-wordpress\/ -->\n<title>Login - CFI<\/title>\n<meta name=\"robots\" content=\"index, follow, max-snippet:-1, max-image-preview:large, max-video-preview:-1\" \/>\n<link rel=\"canonical\" href=\"https:\/\/cficompany.com\/es\/acceso\/\" \/>\n<meta property=\"og:locale\" content=\"es_MX\" \/>\n<meta property=\"og:type\" content=\"article\" \/>\n<meta property=\"og:title\" content=\"Login\" \/>\n<meta property=\"og:description\" content=\"LOG IN USING SSO SSO SIGN-IN Can\u2019t Login, Contact IT\" \/>\n<meta property=\"og:url\" content=\"https:\/\/cficompany.com\/es\/acceso\/\" \/>\n<meta property=\"og:site_name\" content=\"CFI\" \/>\n<meta property=\"article:modified_time\" content=\"2026-04-28T11:47:44+00:00\" \/>\n<meta property=\"og:image\" content=\"https:\/\/cficompany.com\/wp-content\/uploads\/2026\/04\/INTRANET-CFI-Logo.png\" \/>\n\t<meta property=\"og:image:width\" content=\"203\" \/>\n\t<meta property=\"og:image:height\" content=\"136\" \/>\n\t<meta property=\"og:image:type\" content=\"image\/png\" \/>\n<meta name=\"twitter:card\" content=\"summary_large_image\" \/>\n<meta name=\"twitter:label1\" content=\"Tiempo de lectura\" \/>\n\t<meta name=\"twitter:data1\" content=\"1 minuto\" \/>\n<script type=\"application\/ld+json\" class=\"yoast-schema-graph\">{\"@context\":\"https:\\\/\\\/schema.org\",\"@graph\":[{\"@type\":\"WebPage\",\"@id\":\"https:\\\/\\\/cficompany.com\\\/login\\\/\",\"url\":\"https:\\\/\\\/cficompany.com\\\/login\\\/\",\"name\":\"Login - CFI\",\"isPartOf\":{\"@id\":\"https:\\\/\\\/cficompany.com\\\/#website\"},\"primaryImageOfPage\":{\"@id\":\"https:\\\/\\\/cficompany.com\\\/login\\\/#primaryimage\"},\"image\":{\"@id\":\"https:\\\/\\\/cficompany.com\\\/login\\\/#primaryimage\"},\"thumbnailUrl\":\"https:\\\/\\\/cficompany.com\\\/wp-content\\\/uploads\\\/2026\\\/04\\\/INTRANET-CFI-Logo.png\",\"datePublished\":\"2025-10-01T08:03:27+00:00\",\"dateModified\":\"2026-04-28T11:47:44+00:00\",\"breadcrumb\":{\"@id\":\"https:\\\/\\\/cficompany.com\\\/login\\\/#breadcrumb\"},\"inLanguage\":\"es\",\"potentialAction\":[{\"@type\":\"ReadAction\",\"target\":[\"https:\\\/\\\/cficompany.com\\\/login\\\/\"]}]},{\"@type\":\"ImageObject\",\"inLanguage\":\"es\",\"@id\":\"https:\\\/\\\/cficompany.com\\\/login\\\/#primaryimage\",\"url\":\"https:\\\/\\\/cficompany.com\\\/wp-content\\\/uploads\\\/2026\\\/04\\\/INTRANET-CFI-Logo.png\",\"contentUrl\":\"https:\\\/\\\/cficompany.com\\\/wp-content\\\/uploads\\\/2026\\\/04\\\/INTRANET-CFI-Logo.png\"},{\"@type\":\"BreadcrumbList\",\"@id\":\"https:\\\/\\\/cficompany.com\\\/login\\\/#breadcrumb\",\"itemListElement\":[{\"@type\":\"ListItem\",\"position\":1,\"name\":\"Home\",\"item\":\"https:\\\/\\\/cficompany.com\\\/\"},{\"@type\":\"ListItem\",\"position\":2,\"name\":\"Login\"}]},{\"@type\":\"WebSite\",\"@id\":\"https:\\\/\\\/cficompany.com\\\/#website\",\"url\":\"https:\\\/\\\/cficompany.com\\\/\",\"name\":\"CFI\",\"description\":\"\",\"publisher\":{\"@id\":\"https:\\\/\\\/cficompany.com\\\/#organization\"},\"potentialAction\":[{\"@type\":\"SearchAction\",\"target\":{\"@type\":\"EntryPoint\",\"urlTemplate\":\"https:\\\/\\\/cficompany.com\\\/?s={search_term_string}\"},\"query-input\":{\"@type\":\"PropertyValueSpecification\",\"valueRequired\":true,\"valueName\":\"search_term_string\"}}],\"inLanguage\":\"es\"},{\"@type\":\"Organization\",\"@id\":\"https:\\\/\\\/cficompany.com\\\/#organization\",\"name\":\"CFI\",\"url\":\"https:\\\/\\\/cficompany.com\\\/\",\"logo\":{\"@type\":\"ImageObject\",\"inLanguage\":\"es\",\"@id\":\"https:\\\/\\\/cficompany.com\\\/#\\\/schema\\\/logo\\\/image\\\/\",\"url\":\"https:\\\/\\\/cficompany.com\\\/wp-content\\\/uploads\\\/2023\\\/07\\\/CFI-Logo.png\",\"contentUrl\":\"https:\\\/\\\/cficompany.com\\\/wp-content\\\/uploads\\\/2023\\\/07\\\/CFI-Logo.png\",\"width\":1080,\"height\":1080,\"caption\":\"CFI\"},\"image\":{\"@id\":\"https:\\\/\\\/cficompany.com\\\/#\\\/schema\\\/logo\\\/image\\\/\"},\"sameAs\":[\"https:\\\/\\\/www.linkedin.com\\\/company\\\/cfi-company\"]}]}<\/script>\n<!-- \/ Yoast SEO Premium plugin. -->","yoast_head_json":{"title":"Iniciar sesi\u00f3n - CFI","robots":{"index":"index","follow":"follow","max-snippet":"max-snippet:-1","max-image-preview":"max-image-preview:large","max-video-preview":"max-video-preview:-1"},"canonical":"https:\/\/cficompany.com\/es\/acceso\/","og_locale":"es_MX","og_type":"article","og_title":"Login","og_description":"LOG IN USING SSO SSO SIGN-IN Can\u2019t Login, Contact IT","og_url":"https:\/\/cficompany.com\/es\/acceso\/","og_site_name":"CFI","article_modified_time":"2026-04-28T11:47:44+00:00","og_image":[{"width":203,"height":136,"url":"https:\/\/cficompany.com\/wp-content\/uploads\/2026\/04\/INTRANET-CFI-Logo.png","type":"image\/png"}],"twitter_card":"summary_large_image","twitter_misc":{"Tiempo de lectura":"1 minuto"},"schema":{"@context":"https:\/\/schema.org","@graph":[{"@type":"WebPage","@id":"https:\/\/cficompany.com\/login\/","url":"https:\/\/cficompany.com\/login\/","name":"Iniciar sesi\u00f3n - CFI","isPartOf":{"@id":"https:\/\/cficompany.com\/#website"},"primaryImageOfPage":{"@id":"https:\/\/cficompany.com\/login\/#primaryimage"},"image":{"@id":"https:\/\/cficompany.com\/login\/#primaryimage"},"thumbnailUrl":"https:\/\/cficompany.com\/wp-content\/uploads\/2026\/04\/INTRANET-CFI-Logo.png","datePublished":"2025-10-01T08:03:27+00:00","dateModified":"2026-04-28T11:47:44+00:00","breadcrumb":{"@id":"https:\/\/cficompany.com\/login\/#breadcrumb"},"inLanguage":"es","potentialAction":[{"@type":"ReadAction","target":["https:\/\/cficompany.com\/login\/"]}]},{"@type":"ImageObject","inLanguage":"es","@id":"https:\/\/cficompany.com\/login\/#primaryimage","url":"https:\/\/cficompany.com\/wp-content\/uploads\/2026\/04\/INTRANET-CFI-Logo.png","contentUrl":"https:\/\/cficompany.com\/wp-content\/uploads\/2026\/04\/INTRANET-CFI-Logo.png"},{"@type":"BreadcrumbList","@id":"https:\/\/cficompany.com\/login\/#breadcrumb","itemListElement":[{"@type":"ListItem","position":1,"name":"Home","item":"https:\/\/cficompany.com\/"},{"@type":"ListItem","position":2,"name":"Login"}]},{"@type":"WebSite","@id":"https:\/\/cficompany.com\/#website","url":"https:\/\/cficompany.com\/","name":"CFI","description":"","publisher":{"@id":"https:\/\/cficompany.com\/#organization"},"potentialAction":[{"@type":"SearchAction","target":{"@type":"EntryPoint","urlTemplate":"https:\/\/cficompany.com\/?s={search_term_string}"},"query-input":{"@type":"PropertyValueSpecification","valueRequired":true,"valueName":"search_term_string"}}],"inLanguage":"es"},{"@type":"Organization","@id":"https:\/\/cficompany.com\/#organization","name":"CFI","url":"https:\/\/cficompany.com\/","logo":{"@type":"ImageObject","inLanguage":"es","@id":"https:\/\/cficompany.com\/#\/schema\/logo\/image\/","url":"https:\/\/cficompany.com\/wp-content\/uploads\/2023\/07\/CFI-Logo.png","contentUrl":"https:\/\/cficompany.com\/wp-content\/uploads\/2023\/07\/CFI-Logo.png","width":1080,"height":1080,"caption":"CFI"},"image":{"@id":"https:\/\/cficompany.com\/#\/schema\/logo\/image\/"},"sameAs":["https:\/\/www.linkedin.com\/company\/cfi-company"]}]}},"_links":{"self":[{"href":"https:\/\/cficompany.com\/es\/wp-json\/wp\/v2\/pages\/41501","targetHints":{"allow":["GET"]}}],"collection":[{"href":"https:\/\/cficompany.com\/es\/wp-json\/wp\/v2\/pages"}],"about":[{"href":"https:\/\/cficompany.com\/es\/wp-json\/wp\/v2\/types\/page"}],"author":[{"embeddable":true,"href":"https:\/\/cficompany.com\/es\/wp-json\/wp\/v2\/users\/19"}],"replies":[{"embeddable":true,"href":"https:\/\/cficompany.com\/es\/wp-json\/wp\/v2\/comments?post=41501"}],"version-history":[{"count":104,"href":"https:\/\/cficompany.com\/es\/wp-json\/wp\/v2\/pages\/41501\/revisions"}],"predecessor-version":[{"id":42040,"href":"https:\/\/cficompany.com\/es\/wp-json\/wp\/v2\/pages\/41501\/revisions\/42040"}],"wp:attachment":[{"href":"https:\/\/cficompany.com\/es\/wp-json\/wp\/v2\/media?parent=41501"}],"curies":[{"name":"wp","href":"https:\/\/api.w.org\/{rel}","templated":true}]}}