{"id":38676,"date":"2025-03-10T12:21:55","date_gmt":"2025-03-10T12:21:55","guid":{"rendered":"https:\/\/cficompany.com\/?page_id=38676"},"modified":"2025-03-13T11:18:18","modified_gmt":"2025-03-13T11:18:18","slug":"envio-exitoso","status":"publish","type":"page","link":"https:\/\/cficompany.com\/es\/contact\/successful-submission\/","title":{"rendered":"Env\u00edo exitoso"},"content":{"rendered":"<div data-elementor-type=\"wp-page\" data-elementor-id=\"38676\" class=\"elementor elementor-38676\" data-elementor-post-type=\"page\">\n\t\t\t\t<div class=\"elementor-element elementor-element-c798f8c e-con-full e-flex e-con e-parent\" data-id=\"c798f8c\" data-element_type=\"container\" data-e-type=\"container\" data-settings=\"{&quot;background_background&quot;:&quot;gradient&quot;,&quot;_ob_use_container_extras&quot;:&quot;no&quot;,&quot;_ob_glider_is_slider&quot;:&quot;no&quot;}\">\n\t\t<div class=\"elementor-element elementor-element-9e1ce5d e-con-full e-flex e-con e-child\" data-id=\"9e1ce5d\" data-element_type=\"container\" data-e-type=\"container\" data-settings=\"{&quot;_ob_use_container_extras&quot;:&quot;no&quot;,&quot;_ob_glider_is_slider&quot;:&quot;no&quot;}\">\n\t\t<div class=\"elementor-element elementor-element-b2764bd e-con-full e-flex e-con e-child\" data-id=\"b2764bd\" data-element_type=\"container\" data-e-type=\"container\" data-settings=\"{&quot;_ob_use_container_extras&quot;:&quot;no&quot;,&quot;_ob_glider_is_slider&quot;:&quot;no&quot;}\">\n\t\t<div class=\"elementor-element elementor-element-8868834 e-con-full e-flex e-con e-child\" data-id=\"8868834\" data-element_type=\"container\" data-e-type=\"container\" data-settings=\"{&quot;_ob_use_container_extras&quot;:&quot;no&quot;,&quot;_ob_glider_is_slider&quot;:&quot;no&quot;}\">\n\t\t\t\t<div class=\"elementor-element elementor-element-3da9a80 elementor-widget elementor-widget-heading\" data-id=\"3da9a80\" data-element_type=\"widget\" data-e-type=\"widget\" data-widget_type=\"heading.default\">\n\t\t\t\t<div class=\"elementor-widget-container\">\n\t\t\t\t\t<h1 class=\"elementor-heading-title elementor-size-default\">Contacto<\/h1>\t\t\t\t<\/div>\n\t\t\t\t<\/div>\n\t\t\t\t<\/div>\n\t\t\t\t<\/div>\n\t\t\t\t<\/div>\n\t\t\t\t<\/div>\n\t\t<div class=\"elementor-element elementor-element-ea843b7 e-con-full e-flex e-con e-parent\" data-id=\"ea843b7\" data-element_type=\"container\" data-e-type=\"container\" data-settings=\"{&quot;background_background&quot;:&quot;classic&quot;,&quot;_ob_use_container_extras&quot;:&quot;no&quot;,&quot;_ob_glider_is_slider&quot;:&quot;no&quot;}\">\n\t\t\t\t<div class=\"elementor-element elementor-element-816df24 elementor-widget elementor-widget-text-editor\" data-id=\"816df24\" data-element_type=\"widget\" data-e-type=\"widget\" data-settings=\"{&quot;_ob_postman_use&quot;:&quot;no&quot;}\" data-widget_type=\"text-editor.default\">\n\t\t\t\t<div class=\"elementor-widget-container\">\n\t\t\t\t\t\t\t\t\t<p>Gracias <span id=\"name\"><\/span> \u00a1Gracias por enviar el formulario!<\/p>\t\t\t\t\t\t\t\t<\/div>\n\t\t\t\t<\/div>\n\t\t\t\t<\/div>\n\t\t<div class=\"elementor-element elementor-element-1caa062 e-con-full elementor-hidden-desktop elementor-hidden-tablet elementor-hidden-mobile e-flex e-con e-parent\" data-id=\"1caa062\" data-element_type=\"container\" data-e-type=\"container\" data-settings=\"{&quot;_ob_use_container_extras&quot;:&quot;no&quot;,&quot;_ob_glider_is_slider&quot;:&quot;no&quot;}\">\n\t\t\t\t<div class=\"elementor-element elementor-element-8ff238d elementor-widget elementor-widget-shortcode\" data-id=\"8ff238d\" data-element_type=\"widget\" data-e-type=\"widget\" data-widget_type=\"shortcode.default\">\n\t\t\t\t<div class=\"elementor-widget-container\">\n\t\t\t\t\t\t\t<div class=\"elementor-shortcode\">\t\t<div data-elementor-type=\"page\" data-elementor-id=\"38674\" class=\"elementor elementor-38674\" data-elementor-post-type=\"elementor_library\">\n\t\t\t\t<div class=\"elementor-element elementor-element-571ed4b6 e-flex e-con-boxed e-con e-parent\" data-id=\"571ed4b6\" data-element_type=\"container\" data-e-type=\"container\" data-settings=\"{&quot;background_background&quot;:&quot;classic&quot;,&quot;_ob_use_container_extras&quot;:&quot;no&quot;,&quot;_ob_glider_is_slider&quot;:&quot;no&quot;}\">\n\t\t\t\t\t<div class=\"e-con-inner\">\n\t\t\t\t<div class=\"elementor-element elementor-element-52438cc elementor-widget elementor-widget-heading\" data-id=\"52438cc\" data-element_type=\"widget\" data-e-type=\"widget\" data-widget_type=\"heading.default\">\n\t\t\t\t<div class=\"elementor-widget-container\">\n\t\t\t\t\t<h1 class=\"elementor-heading-title elementor-size-default\">CAT\u00c1LOGOS DE PRODUCTOS<\/h1>\t\t\t\t<\/div>\n\t\t\t\t<\/div>\n\t\t\t\t<div class=\"elementor-element elementor-element-f056d42 elementor-widget elementor-widget-text-editor\" data-id=\"f056d42\" data-element_type=\"widget\" data-e-type=\"widget\" data-settings=\"{&quot;_ob_postman_use&quot;:&quot;no&quot;}\" data-widget_type=\"text-editor.default\">\n\t\t\t\t<div class=\"elementor-widget-container\">\n\t\t\t\t\t\t\t\t\t<p>CONSULTE NUESTRAS GU\u00cdAS DE PRODUCTOS PARA APLICACIONES DE HORMIG\u00d3N Y MINER\u00cdA<\/p>\t\t\t\t\t\t\t\t<\/div>\n\t\t\t\t<\/div>\n\t\t\t\t\t<\/div>\n\t\t\t\t<\/div>\n\t\t<div class=\"elementor-element elementor-element-91915f2 e-grid e-con-boxed e-con e-parent\" data-id=\"91915f2\" data-element_type=\"container\" data-e-type=\"container\" data-settings=\"{&quot;background_background&quot;:&quot;classic&quot;,&quot;_ob_use_container_extras&quot;:&quot;no&quot;,&quot;_ob_glider_is_slider&quot;:&quot;no&quot;}\">\n\t\t\t\t\t<div class=\"e-con-inner\">\n\t\t\t\t<div class=\"elementor-element elementor-element-64fbf857 elementor-widget elementor-widget-image\" data-id=\"64fbf857\" data-element_type=\"widget\" data-e-type=\"widget\" data-widget_type=\"image.default\">\n\t\t\t\t<div class=\"elementor-widget-container\">\n\t\t\t\t\t\t\t\t\t\t\t\t\t\t\t\t<a href=\"https:\/\/catalogs.conforms.com\/view\/1045788652\/\" target=\"_blank\">\n\t\t\t\t\t\t\t<img fetchpriority=\"high\" decoding=\"async\" width=\"458\" height=\"392\" src=\"https:\/\/cficompany.com\/wp-content\/uploads\/2025\/03\/BOOKSHELF-MOCK-UP-17.png\" class=\"attachment-large size-large wp-image-38671\" alt=\"\" srcset=\"https:\/\/cficompany.com\/wp-content\/uploads\/2025\/03\/BOOKSHELF-MOCK-UP-17.png 458w, https:\/\/cficompany.com\/wp-content\/uploads\/2025\/03\/BOOKSHELF-MOCK-UP-17-300x257.png 300w\" sizes=\"(max-width: 458px) 100vw, 458px\" \/>\t\t\t\t\t\t\t\t<\/a>\n\t\t\t\t\t\t\t\t\t\t\t\t\t\t\t<\/div>\n\t\t\t\t<\/div>\n\t\t\t\t<div class=\"elementor-element elementor-element-4955e3a elementor-widget elementor-widget-image\" data-id=\"4955e3a\" data-element_type=\"widget\" data-e-type=\"widget\" data-widget_type=\"image.default\">\n\t\t\t\t<div class=\"elementor-widget-container\">\n\t\t\t\t\t\t\t\t\t\t\t\t\t\t\t\t<a href=\"https:\/\/catalogs.essertwinpipes.com\/view\/1046166654\/\" target=\"_blank\">\n\t\t\t\t\t\t\t<img decoding=\"async\" width=\"459\" height=\"392\" src=\"https:\/\/cficompany.com\/wp-content\/uploads\/2025\/03\/BOOKSHELF-MOCK-UP-18.png\" class=\"attachment-large size-large wp-image-38672\" alt=\"\" srcset=\"https:\/\/cficompany.com\/wp-content\/uploads\/2025\/03\/BOOKSHELF-MOCK-UP-18.png 459w, https:\/\/cficompany.com\/wp-content\/uploads\/2025\/03\/BOOKSHELF-MOCK-UP-18-300x256.png 300w\" sizes=\"(max-width: 459px) 100vw, 459px\" \/>\t\t\t\t\t\t\t\t<\/a>\n\t\t\t\t\t\t\t\t\t\t\t\t\t\t\t<\/div>\n\t\t\t\t<\/div>\n\t\t\t\t<div class=\"elementor-element elementor-element-c8e16e9 elementor-widget elementor-widget-image\" data-id=\"c8e16e9\" data-element_type=\"widget\" data-e-type=\"widget\" data-widget_type=\"image.default\">\n\t\t\t\t<div class=\"elementor-widget-container\">\n\t\t\t\t\t\t\t\t\t\t\t\t\t\t\t\t<a href=\"https:\/\/catalogs.essertwinpipes.com\/view\/1045485188\/\">\n\t\t\t\t\t\t\t<img decoding=\"async\" width=\"459\" height=\"392\" src=\"https:\/\/cficompany.com\/wp-content\/uploads\/2025\/03\/BOOKSHELF-MOCK-UP-19.png\" class=\"attachment-large size-large wp-image-38673\" alt=\"\" srcset=\"https:\/\/cficompany.com\/wp-content\/uploads\/2025\/03\/BOOKSHELF-MOCK-UP-19.png 459w, https:\/\/cficompany.com\/wp-content\/uploads\/2025\/03\/BOOKSHELF-MOCK-UP-19-300x256.png 300w\" sizes=\"(max-width: 459px) 100vw, 459px\" \/>\t\t\t\t\t\t\t\t<\/a>\n\t\t\t\t\t\t\t\t\t\t\t\t\t\t\t<\/div>\n\t\t\t\t<\/div>\n\t\t\t\t<div class=\"elementor-element elementor-element-26d43a6e elementor-widget elementor-widget-heading\" data-id=\"26d43a6e\" data-element_type=\"widget\" data-e-type=\"widget\" data-widget_type=\"heading.default\">\n\t\t\t\t<div class=\"elementor-widget-container\">\n\t\t\t\t\t<h2 class=\"elementor-heading-title elementor-size-default\">CAT\u00c1LOGO DE HORMIG\u00d3N CON FORMS<\/h2>\t\t\t\t<\/div>\n\t\t\t\t<\/div>\n\t\t\t\t<div class=\"elementor-element elementor-element-5ce184e elementor-widget elementor-widget-heading\" data-id=\"5ce184e\" data-element_type=\"widget\" data-e-type=\"widget\" data-widget_type=\"heading.default\">\n\t\t\t\t<div class=\"elementor-widget-container\">\n\t\t\t\t\t<h2 class=\"elementor-heading-title elementor-size-default\">CAT\u00c1LOGO DE HORMIG\u00d3N ESSER<\/h2>\t\t\t\t<\/div>\n\t\t\t\t<\/div>\n\t\t\t\t<div class=\"elementor-element elementor-element-2fbdeb76 elementor-widget elementor-widget-heading\" data-id=\"2fbdeb76\" data-element_type=\"widget\" data-e-type=\"widget\" data-widget_type=\"heading.default\">\n\t\t\t\t<div class=\"elementor-widget-container\">\n\t\t\t\t\t<h2 class=\"elementor-heading-title elementor-size-default\">CAT\u00c1LOGO DE MINER\u00cdA DE ESSER<\/h2>\t\t\t\t<\/div>\n\t\t\t\t<\/div>\n\t\t\t\t<div class=\"elementor-element elementor-element-322c9cae elementor-align-center elementor-widget elementor-widget-button\" data-id=\"322c9cae\" data-element_type=\"widget\" data-e-type=\"widget\" data-widget_type=\"button.default\">\n\t\t\t\t<div class=\"elementor-widget-container\">\n\t\t\t\t\t\t\t\t\t<div class=\"elementor-button-wrapper\">\n\t\t\t\t\t<a class=\"elementor-button elementor-button-link elementor-size-sm\" href=\"https:\/\/catalogs.conforms.com\/view\/1045788652\/\" target=\"_blank\">\n\t\t\t\t\t\t<span class=\"elementor-button-content-wrapper\">\n\t\t\t\t\t\t\t\t\t<span class=\"elementor-button-text\">VER AHORA<\/span>\n\t\t\t\t\t<\/span>\n\t\t\t\t\t<\/a>\n\t\t\t\t<\/div>\n\t\t\t\t\t\t\t\t<\/div>\n\t\t\t\t<\/div>\n\t\t\t\t<div class=\"elementor-element elementor-element-178f0117 elementor-align-center elementor-widget elementor-widget-button\" data-id=\"178f0117\" data-element_type=\"widget\" data-e-type=\"widget\" data-widget_type=\"button.default\">\n\t\t\t\t<div class=\"elementor-widget-container\">\n\t\t\t\t\t\t\t\t\t<div class=\"elementor-button-wrapper\">\n\t\t\t\t\t<a class=\"elementor-button elementor-button-link elementor-size-sm\" href=\"https:\/\/catalogs.essertwinpipes.com\/view\/1046166654\/\" target=\"_blank\">\n\t\t\t\t\t\t<span class=\"elementor-button-content-wrapper\">\n\t\t\t\t\t\t\t\t\t<span class=\"elementor-button-text\">VER AHORA<\/span>\n\t\t\t\t\t<\/span>\n\t\t\t\t\t<\/a>\n\t\t\t\t<\/div>\n\t\t\t\t\t\t\t\t<\/div>\n\t\t\t\t<\/div>\n\t\t\t\t<div class=\"elementor-element elementor-element-41386017 elementor-align-center elementor-widget elementor-widget-button\" data-id=\"41386017\" data-element_type=\"widget\" data-e-type=\"widget\" data-widget_type=\"button.default\">\n\t\t\t\t<div class=\"elementor-widget-container\">\n\t\t\t\t\t\t\t\t\t<div class=\"elementor-button-wrapper\">\n\t\t\t\t\t<a class=\"elementor-button elementor-button-link elementor-size-sm\" href=\"https:\/\/catalogs.essertwinpipes.com\/view\/1045485188\/\" target=\"_blank\">\n\t\t\t\t\t\t<span class=\"elementor-button-content-wrapper\">\n\t\t\t\t\t\t\t\t\t<span class=\"elementor-button-text\">VER AHORA<\/span>\n\t\t\t\t\t<\/span>\n\t\t\t\t\t<\/a>\n\t\t\t\t<\/div>\n\t\t\t\t\t\t\t\t<\/div>\n\t\t\t\t<\/div>\n\t\t\t\t<div class=\"elementor-element elementor-element-377c1b63 elementor-widget elementor-widget-spacer\" data-id=\"377c1b63\" data-element_type=\"widget\" data-e-type=\"widget\" data-widget_type=\"spacer.default\">\n\t\t\t\t<div class=\"elementor-widget-container\">\n\t\t\t\t\t\t\t<div class=\"elementor-spacer\">\n\t\t\t<div class=\"elementor-spacer-inner\"><\/div>\n\t\t<\/div>\n\t\t\t\t\t\t<\/div>\n\t\t\t\t<\/div>\n\t\t\t\t<div class=\"elementor-element elementor-element-18cbfd94 elementor-widget elementor-widget-spacer\" data-id=\"18cbfd94\" data-element_type=\"widget\" data-e-type=\"widget\" data-widget_type=\"spacer.default\">\n\t\t\t\t<div class=\"elementor-widget-container\">\n\t\t\t\t\t\t\t<div class=\"elementor-spacer\">\n\t\t\t<div class=\"elementor-spacer-inner\"><\/div>\n\t\t<\/div>\n\t\t\t\t\t\t<\/div>\n\t\t\t\t<\/div>\n\t\t\t\t<div class=\"elementor-element elementor-element-5929c38b elementor-widget elementor-widget-spacer\" data-id=\"5929c38b\" data-element_type=\"widget\" data-e-type=\"widget\" data-widget_type=\"spacer.default\">\n\t\t\t\t<div class=\"elementor-widget-container\">\n\t\t\t\t\t\t\t<div class=\"elementor-spacer\">\n\t\t\t<div class=\"elementor-spacer-inner\"><\/div>\n\t\t<\/div>\n\t\t\t\t\t\t<\/div>\n\t\t\t\t<\/div>\n\t\t\t\t\t<\/div>\n\t\t\t\t<\/div>\n\t\t\t\t<\/div>\n\t\t<\/div>\n\t\t\t\t\t\t<\/div>\n\t\t\t\t<\/div>\n\t\t\t\t<\/div>\n\t\t<div class=\"elementor-element elementor-element-90fa5d4 e-flex e-con-boxed e-con e-parent\" data-id=\"90fa5d4\" data-element_type=\"container\" data-e-type=\"container\" data-settings=\"{&quot;_ob_use_container_extras&quot;:&quot;no&quot;,&quot;_ob_glider_is_slider&quot;:&quot;no&quot;}\">\n\t\t\t\t\t<div class=\"e-con-inner\">\n\t\t\t\t<div class=\"elementor-element elementor-element-8bcb66d elementor-widget elementor-widget-html\" data-id=\"8bcb66d\" data-element_type=\"widget\" data-e-type=\"widget\" data-widget_type=\"html.default\">\n\t\t\t\t<div class=\"elementor-widget-container\">\n\t\t\t\t\t<script>\r\nwindow.onload = () => {\r\n  const hash = window.location.hash.substring(1);\r\n  const params = new URLSearchParams(hash);\r\n  const name = params.get('name');\r\n\r\n  if (name) {\r\n    const nameSpan = document.getElementById('name');\r\n    if (nameSpan) {\r\n      nameSpan.textContent = name;\r\n    }\r\n  }\r\n};\r\n<\/script>\r\n\t\t\t\t<\/div>\n\t\t\t\t<\/div>\n\t\t\t\t\t<\/div>\n\t\t\t\t<\/div>\n\t\t\t\t<\/div>","protected":false},"excerpt":{"rendered":"<p>Contacto \u00a1Gracias por enviar el formulario!<\/p>","protected":false},"author":19,"featured_media":0,"parent":38608,"menu_order":0,"comment_status":"closed","ping_status":"closed","template":"","meta":{"footnotes":""},"class_list":["post-38676","page","type-page","status-publish","hentry"],"yoast_head":"<!-- This site is optimized with the Yoast SEO Premium plugin v27.3 (Yoast SEO v27.3) - https:\/\/yoast.com\/product\/yoast-seo-premium-wordpress\/ -->\n<title>successful-submission - CFI<\/title>\n<meta name=\"robots\" content=\"index, follow, max-snippet:-1, max-image-preview:large, max-video-preview:-1\" \/>\n<link rel=\"canonical\" href=\"https:\/\/cficompany.com\/es\/contacto\/envio-exitoso\/\" \/>\n<meta property=\"og:locale\" content=\"es_MX\" \/>\n<meta property=\"og:type\" content=\"article\" \/>\n<meta property=\"og:title\" content=\"successful-submission\" \/>\n<meta property=\"og:description\" content=\"Contact Thank you for submitting the form!\" \/>\n<meta property=\"og:url\" content=\"https:\/\/cficompany.com\/es\/contacto\/envio-exitoso\/\" \/>\n<meta property=\"og:site_name\" content=\"CFI\" \/>\n<meta property=\"article:modified_time\" content=\"2025-03-13T11:18:18+00:00\" \/>\n<meta name=\"twitter:card\" content=\"summary_large_image\" \/>\n<meta name=\"twitter:label1\" content=\"Tiempo de lectura\" \/>\n\t<meta name=\"twitter:data1\" content=\"1 minuto\" \/>\n<script type=\"application\/ld+json\" class=\"yoast-schema-graph\">{\"@context\":\"https:\\\/\\\/schema.org\",\"@graph\":[{\"@type\":\"WebPage\",\"@id\":\"https:\\\/\\\/cficompany.com\\\/contact\\\/successful-submission\\\/\",\"url\":\"https:\\\/\\\/cficompany.com\\\/contact\\\/successful-submission\\\/\",\"name\":\"successful-submission - CFI\",\"isPartOf\":{\"@id\":\"https:\\\/\\\/cficompany.com\\\/#website\"},\"datePublished\":\"2025-03-10T12:21:55+00:00\",\"dateModified\":\"2025-03-13T11:18:18+00:00\",\"breadcrumb\":{\"@id\":\"https:\\\/\\\/cficompany.com\\\/contact\\\/successful-submission\\\/#breadcrumb\"},\"inLanguage\":\"es\",\"potentialAction\":[{\"@type\":\"ReadAction\",\"target\":[\"https:\\\/\\\/cficompany.com\\\/contact\\\/successful-submission\\\/\"]}]},{\"@type\":\"BreadcrumbList\",\"@id\":\"https:\\\/\\\/cficompany.com\\\/contact\\\/successful-submission\\\/#breadcrumb\",\"itemListElement\":[{\"@type\":\"ListItem\",\"position\":1,\"name\":\"Home\",\"item\":\"https:\\\/\\\/cficompany.com\\\/\"},{\"@type\":\"ListItem\",\"position\":2,\"name\":\"Contact\",\"item\":\"https:\\\/\\\/cficompany.com\\\/contact\\\/\"},{\"@type\":\"ListItem\",\"position\":3,\"name\":\"successful-submission\"}]},{\"@type\":\"WebSite\",\"@id\":\"https:\\\/\\\/cficompany.com\\\/#website\",\"url\":\"https:\\\/\\\/cficompany.com\\\/\",\"name\":\"CFI\",\"description\":\"\",\"publisher\":{\"@id\":\"https:\\\/\\\/cficompany.com\\\/#organization\"},\"potentialAction\":[{\"@type\":\"SearchAction\",\"target\":{\"@type\":\"EntryPoint\",\"urlTemplate\":\"https:\\\/\\\/cficompany.com\\\/?s={search_term_string}\"},\"query-input\":{\"@type\":\"PropertyValueSpecification\",\"valueRequired\":true,\"valueName\":\"search_term_string\"}}],\"inLanguage\":\"es\"},{\"@type\":\"Organization\",\"@id\":\"https:\\\/\\\/cficompany.com\\\/#organization\",\"name\":\"CFI\",\"url\":\"https:\\\/\\\/cficompany.com\\\/\",\"logo\":{\"@type\":\"ImageObject\",\"inLanguage\":\"es\",\"@id\":\"https:\\\/\\\/cficompany.com\\\/#\\\/schema\\\/logo\\\/image\\\/\",\"url\":\"https:\\\/\\\/cficompany.com\\\/wp-content\\\/uploads\\\/2023\\\/07\\\/CFI-Logo.png\",\"contentUrl\":\"https:\\\/\\\/cficompany.com\\\/wp-content\\\/uploads\\\/2023\\\/07\\\/CFI-Logo.png\",\"width\":1080,\"height\":1080,\"caption\":\"CFI\"},\"image\":{\"@id\":\"https:\\\/\\\/cficompany.com\\\/#\\\/schema\\\/logo\\\/image\\\/\"},\"sameAs\":[\"https:\\\/\\\/www.linkedin.com\\\/company\\\/cfi-company\"]}]}<\/script>\n<!-- \/ Yoast SEO Premium plugin. -->","yoast_head_json":{"title":"Env\u00edo exitoso - CFI","robots":{"index":"index","follow":"follow","max-snippet":"max-snippet:-1","max-image-preview":"max-image-preview:large","max-video-preview":"max-video-preview:-1"},"canonical":"https:\/\/cficompany.com\/es\/contacto\/envio-exitoso\/","og_locale":"es_MX","og_type":"article","og_title":"successful-submission","og_description":"Contact Thank you for submitting the form!","og_url":"https:\/\/cficompany.com\/es\/contacto\/envio-exitoso\/","og_site_name":"CFI","article_modified_time":"2025-03-13T11:18:18+00:00","twitter_card":"summary_large_image","twitter_misc":{"Tiempo de lectura":"1 minuto"},"schema":{"@context":"https:\/\/schema.org","@graph":[{"@type":"WebPage","@id":"https:\/\/cficompany.com\/contact\/successful-submission\/","url":"https:\/\/cficompany.com\/contact\/successful-submission\/","name":"Env\u00edo exitoso - CFI","isPartOf":{"@id":"https:\/\/cficompany.com\/#website"},"datePublished":"2025-03-10T12:21:55+00:00","dateModified":"2025-03-13T11:18:18+00:00","breadcrumb":{"@id":"https:\/\/cficompany.com\/contact\/successful-submission\/#breadcrumb"},"inLanguage":"es","potentialAction":[{"@type":"ReadAction","target":["https:\/\/cficompany.com\/contact\/successful-submission\/"]}]},{"@type":"BreadcrumbList","@id":"https:\/\/cficompany.com\/contact\/successful-submission\/#breadcrumb","itemListElement":[{"@type":"ListItem","position":1,"name":"Home","item":"https:\/\/cficompany.com\/"},{"@type":"ListItem","position":2,"name":"Contact","item":"https:\/\/cficompany.com\/contact\/"},{"@type":"ListItem","position":3,"name":"successful-submission"}]},{"@type":"WebSite","@id":"https:\/\/cficompany.com\/#website","url":"https:\/\/cficompany.com\/","name":"CFI","description":"","publisher":{"@id":"https:\/\/cficompany.com\/#organization"},"potentialAction":[{"@type":"SearchAction","target":{"@type":"EntryPoint","urlTemplate":"https:\/\/cficompany.com\/?s={search_term_string}"},"query-input":{"@type":"PropertyValueSpecification","valueRequired":true,"valueName":"search_term_string"}}],"inLanguage":"es"},{"@type":"Organization","@id":"https:\/\/cficompany.com\/#organization","name":"CFI","url":"https:\/\/cficompany.com\/","logo":{"@type":"ImageObject","inLanguage":"es","@id":"https:\/\/cficompany.com\/#\/schema\/logo\/image\/","url":"https:\/\/cficompany.com\/wp-content\/uploads\/2023\/07\/CFI-Logo.png","contentUrl":"https:\/\/cficompany.com\/wp-content\/uploads\/2023\/07\/CFI-Logo.png","width":1080,"height":1080,"caption":"CFI"},"image":{"@id":"https:\/\/cficompany.com\/#\/schema\/logo\/image\/"},"sameAs":["https:\/\/www.linkedin.com\/company\/cfi-company"]}]}},"_links":{"self":[{"href":"https:\/\/cficompany.com\/es\/wp-json\/wp\/v2\/pages\/38676","targetHints":{"allow":["GET"]}}],"collection":[{"href":"https:\/\/cficompany.com\/es\/wp-json\/wp\/v2\/pages"}],"about":[{"href":"https:\/\/cficompany.com\/es\/wp-json\/wp\/v2\/types\/page"}],"author":[{"embeddable":true,"href":"https:\/\/cficompany.com\/es\/wp-json\/wp\/v2\/users\/19"}],"replies":[{"embeddable":true,"href":"https:\/\/cficompany.com\/es\/wp-json\/wp\/v2\/comments?post=38676"}],"version-history":[{"count":22,"href":"https:\/\/cficompany.com\/es\/wp-json\/wp\/v2\/pages\/38676\/revisions"}],"predecessor-version":[{"id":38709,"href":"https:\/\/cficompany.com\/es\/wp-json\/wp\/v2\/pages\/38676\/revisions\/38709"}],"up":[{"embeddable":true,"href":"https:\/\/cficompany.com\/es\/wp-json\/wp\/v2\/pages\/38608"}],"wp:attachment":[{"href":"https:\/\/cficompany.com\/es\/wp-json\/wp\/v2\/media?parent=38676"}],"curies":[{"name":"wp","href":"https:\/\/api.w.org\/{rel}","templated":true}]}}